{"id":11741,"date":"2021-11-26T10:43:58","date_gmt":"2021-11-26T09:43:58","guid":{"rendered":"https:\/\/aeg-solar.com\/websitepolitik\/"},"modified":"2021-11-26T10:44:02","modified_gmt":"2021-11-26T09:44:02","slug":"websitepolitik","status":"publish","type":"page","link":"https:\/\/aeg-solar.com\/de\/websitepolitik\/","title":{"rendered":"Websitepolitik"},"content":{"rendered":"\t\t<div data-elementor-type=\"wp-page\" data-elementor-id=\"11741\" class=\"elementor elementor-11741 elementor-8501\" data-elementor-post-type=\"page\">\n\t\t\t\t\t\t<section class=\"elementor-section elementor-top-section elementor-element elementor-element-3b29c82 elementor-section-full_width legal elementor-section-height-default elementor-section-height-default\" data-id=\"3b29c82\" data-element_type=\"section\" data-e-type=\"section\">\n\t\t\t\t\t\t<div class=\"elementor-container elementor-column-gap-no\">\n\t\t\t\t\t<div class=\"elementor-column elementor-col-100 elementor-top-column elementor-element elementor-element-63ab8cb5\" data-id=\"63ab8cb5\" data-element_type=\"column\" data-e-type=\"column\">\n\t\t\t<div class=\"elementor-widget-wrap elementor-element-populated\">\n\t\t\t\t\t\t<div class=\"elementor-element elementor-element-131052e elementor-widget elementor-widget-heading\" data-id=\"131052e\" data-element_type=\"widget\" data-e-type=\"widget\" data-widget_type=\"heading.default\">\n\t\t\t\t\t<h1 class=\"elementor-heading-title elementor-size-default\">Websitepolitik - Rechtliche Hinweise<\/h1>\t\t\t\t<\/div>\n\t\t\t\t<div class=\"elementor-element elementor-element-02d176e elementor-widget elementor-widget-text-editor\" data-id=\"02d176e\" data-element_type=\"widget\" data-e-type=\"widget\" data-widget_type=\"text-editor.default\">\n\t\t\t\t\t\t\t\t\t<p>Die Informationen und Materialien auf dieser Website werden von der Solar Solutions GmbH (nachfolgend &#8222;Solar Solutions&#8220;) ausschlie\u00dflich zu Informationszwecken bereitgestellt. Please read these terms carefully before accessing this website. Durch den Zugriff auf diese Website oder durch das Herunterladen von Materialien von dieser Website erkl\u00e4ren Sie sich mit den nachstehenden und an anderer Stelle auf der Website aufgef\u00fchrten Bedingungen einverstanden und sind an diese gebunden.<\/p>\n<p><strong> Einschr\u00e4nkung der Haftung<\/strong><br \/>\nSolar Solutions haftet unter keinen Umst\u00e4nden f\u00fcr direkte, indirekte, besondere oder Folgesch\u00e4den, Verluste oder Ausgaben, die im Zusammenhang mit dieser Website oder einer verlinkten Website oder deren Nutzung entstehen.. Solar Solutions haftet nicht f\u00fcr Sch\u00e4den, Verluste oder Kosten im Zusammenhang mit a) jede Unm\u00f6glichkeit der Nutzung dieser Website durch irgendeine Partei, b) jede Nichterf\u00fcllung, c) Fehler, Auslassungen, Unterbrechungen, Defekte, Verz\u00f6gerungen beim Betrieb oder bei der \u00dcbertragung, d) alle Computerviren, und e) jegliche Leitungs- oder Systemausf\u00e4lle, selbst wenn Solar Solutions im Voraus auf die M\u00f6glichkeit solcher Sch\u00e4den, Verluste oder Ausgaben hingewiesen wurde.<\/p>\n<p><strong> Datenschutz<\/strong><br \/>\nF\u00fcr Solar Solutions ist der Schutz Ihrer Daten ein wichtiges Thema. Unser Angebot unterliegt den gesetzlichen Bestimmungen zum Datenschutz. Einzelheiten zu unserer Datenschutzpolitik finden Sie in unserer Datenschutzerkl\u00e4rung.<\/p>\n<p><strong>Links<\/strong><br \/>\nDiese Website enth\u00e4lt Links zu Websites Dritter. Die verlinkten Seiten stehen nicht unter der Kontrolle von Solar Solutions. Wenn Sie sich entschlie\u00dfen, auf eine der mit dieser Website verlinkten Websites Dritter zuzugreifen, tun Sie dies auf eigenes Risiko. Solar Solutions \u00fcbernimmt keine Gew\u00e4hr f\u00fcr die Richtigkeit und Vollst\u00e4ndigkeit solcher Links. Solar Solutions haftet nicht f\u00fcr Verluste, Sch\u00e4den oder Verletzungen, die sich aus den verlinkten Websites ergeben, die von Dritten kontrolliert oder angeboten werden. Solar Solutions macht sich die auf den Websites Dritter enthaltenen Informationen nicht zu eigen. Solar Solutions \u00fcbernimmt keine Haftung f\u00fcr die Funktionalit\u00e4t oder St\u00f6rungen, die durch externe Websites verursacht werden, und f\u00fcr alle Informationen, Materialien, Produkte oder Dienstleistungen, die auf solchen mit dieser Website verlinkten Websites Dritter ver\u00f6ffentlicht oder angeboten werden.<\/p>\n<p><strong>Haftungsausschluss<\/strong><br \/>\nSolar Solutions ist bestrebt, auf dieser Website sichere, genaue und vollst\u00e4ndige Informationen bereitzustellen.. Solar Solutions ist bestrebt, auf dieser Website sichere, genaue und vollst\u00e4ndige Informationen bereitzustellen. Die Materialien und Dienstleistungen auf dieser Website werden im Ist-Zustand zur Verf\u00fcgung gestellt, und Solar Solutions gibt keinerlei ausdr\u00fcckliche, stillschweigende oder gesetzliche Zusicherungen oder Gew\u00e4hrleistungen hinsichtlich der Richtigkeit und Vollst\u00e4ndigkeit der auf dieser Website bereitgestellten Materialien oder Dienstleistungen. Soweit nach geltendem Recht zul\u00e4ssig, lehnt Solar Solutions alle ausdr\u00fccklichen oder stillschweigenden Garantien in Bezug auf den Inhalt, die Dokumentation, die Produkte und Dienstleistungen auf dieser Website ab, einschlie\u00dflich, aber nicht beschr\u00e4nkt auf stillschweigende Garantien f\u00fcr zufriedenstellende Qualit\u00e4t, Marktg\u00e4ngigkeit, Eignung f\u00fcr einen bestimmten Zweck und Nichtverletzung von Rechten. \u00dcbersetzt mit www.DeepL.com\/Translator (kostenlose Version) Solar Solutions, seine leitenden Angestellten, Mitarbeiter oder Vertreter haften nicht f\u00fcr Sch\u00e4den oder Verluste jeglicher Art, die sich aus oder in Verbindung mit der Nutzung oder Leistung von Informationen ergeben, einschlie\u00dflich, aber nicht beschr\u00e4nkt auf Sch\u00e4den oder Verluste, die durch das Vertrauen auf die Richtigkeit oder Aktualit\u00e4t von Informationen verursacht werden, oder Sch\u00e4den, die durch das Betrachten, Verteilen oder Kopieren dieser Materialien entstehen. \u00dcbersetzt mit www.DeepL.com\/Translator (kostenlose Version)<\/p>\n<p><strong> Safe-Harbor-Erkl\u00e4rung<\/strong><br \/>\nDie Verwendung der Begriffe &#8222;erwarten&#8220;, &#8222;antizipieren&#8220;, &#8222;sch\u00e4tzen&#8220;, &#8222;prognostizieren&#8220;, &#8222;Zielsetzung&#8220;, &#8222;planen&#8220;, &#8222;anstreben&#8220; und \u00e4hnlicher Ausdr\u00fccke soll zukunftsgerichtete Aussagen kennzeichnen. Obwohl diese Aussagen die aktuelle Einsch\u00e4tzung von Solar Solutions zu den Zukunftsaussichten darstellen und das Unternehmen diese Einsch\u00e4tzungen f\u00fcr angemessen h\u00e4lt, k\u00f6nnen die tats\u00e4chlichen Ergebnisse aufgrund zahlreicher wichtiger Risikofaktoren erheblich abweichen.<\/p>\n<p><strong> Urheberrecht<\/strong><\/p>\n<p>Der Inhalt dieser Website ist durch das Urheberrecht gesch\u00fctzt. Das Abspeichern von Inhalten ist nur f\u00fcr den privaten Gebrauch gestattet. Die Vervielf\u00e4ltigung und\/oder Verbreitung des Inhalts dieser Website ist nur mit vorheriger, schriftlicher Genehmigung von Solar Solutions gestattet.<\/p>\n<p>&nbsp;<\/p>\n<p>Stand: Mai 2018<\/p>\n\t\t\t\t\t\t\t\t<\/div>\n\t\t\t\t\t<\/div>\n\t\t<\/div>\n\t\t\t\t\t<\/div>\n\t\t<\/section>\n\t\t\t\t<\/div>\n\t\t","protected":false},"excerpt":{"rendered":"<p>Websitepolitik &#8211; Rechtliche Hinweise Die Informationen und Materialien auf dieser Website werden von der Solar Solutions GmbH (nachfolgend &#8222;Solar Solutions&#8220;) ausschlie\u00dflich zu Informationszwecken bereitgestellt. Please read these terms carefully before accessing this website. Durch den Zugriff auf diese Website oder durch das Herunterladen von Materialien von dieser Website erkl\u00e4ren Sie sich mit den nachstehenden und &#8230; <a title=\"Websitepolitik\" class=\"read-more\" href=\"https:\/\/aeg-solar.com\/de\/websitepolitik\/\" aria-label=\"Mehr Informationen \u00fcber Websitepolitik\">Weiterlesen &#8230;<\/a><\/p>\n","protected":false},"author":1,"featured_media":0,"parent":0,"menu_order":0,"comment_status":"closed","ping_status":"closed","template":"","meta":{"footnotes":""},"class_list":["post-11741","page","type-page","status-publish"],"yoast_head":"<!-- This site is optimized with the Yoast SEO plugin v27.3 - https:\/\/yoast.com\/product\/yoast-seo-wordpress\/ -->\n<title>Solarmodule, Wechselrichter und Speicher - AEG Solar - Websitepolitik<\/title>\n<meta name=\"description\" content=\"AEG products make solar an essential part of your journey towards a greener and more sustainable future. They are designed to grant you full control over your photovoltaic system and to give you peace of mind. - Websitepolitik\" \/>\n<meta name=\"robots\" content=\"index, follow, max-snippet:-1, max-image-preview:large, max-video-preview:-1\" \/>\n<link rel=\"canonical\" href=\"https:\/\/aeg-solar.com\/de\/websitepolitik\/\" \/>\n<meta property=\"og:locale\" content=\"de_DE\" \/>\n<meta property=\"og:type\" content=\"article\" \/>\n<meta property=\"og:title\" content=\"Solarmodule, Wechselrichter und Speicher - AEG Solar - Websitepolitik\" \/>\n<meta property=\"og:description\" content=\"AEG products make solar an essential part of your journey towards a greener and more sustainable future. They are designed to grant you full control over your photovoltaic system and to give you peace of mind. - Websitepolitik\" \/>\n<meta property=\"og:url\" content=\"https:\/\/aeg-solar.com\/de\/websitepolitik\/\" \/>\n<meta property=\"og:site_name\" content=\"Solarmodule, Wechselrichter und Speicher - AEG Solar\" \/>\n<meta property=\"article:modified_time\" content=\"2021-11-26T09:44:02+00:00\" \/>\n<meta name=\"twitter:card\" content=\"summary_large_image\" \/>\n<meta name=\"twitter:label1\" content=\"Gesch\u00e4tzte Lesezeit\" \/>\n\t<meta name=\"twitter:data1\" content=\"3\u00a0Minuten\" \/>\n<script type=\"application\/ld+json\" class=\"yoast-schema-graph\">{\"@context\":\"https:\\\/\\\/schema.org\",\"@graph\":[{\"@type\":\"WebPage\",\"@id\":\"https:\\\/\\\/aeg-solar.com\\\/de\\\/websitepolitik\\\/\",\"url\":\"https:\\\/\\\/aeg-solar.com\\\/de\\\/websitepolitik\\\/\",\"name\":\"Solarmodule, Wechselrichter und Speicher - AEG Solar - Websitepolitik\",\"isPartOf\":{\"@id\":\"https:\\\/\\\/aeg-solar.com\\\/de\\\/#website\"},\"datePublished\":\"2021-11-26T09:43:58+00:00\",\"dateModified\":\"2021-11-26T09:44:02+00:00\",\"description\":\"AEG products make solar an essential part of your journey towards a greener and more sustainable future. They are designed to grant you full control over your photovoltaic system and to give you peace of mind. - Websitepolitik\",\"breadcrumb\":{\"@id\":\"https:\\\/\\\/aeg-solar.com\\\/de\\\/websitepolitik\\\/#breadcrumb\"},\"inLanguage\":\"de\",\"potentialAction\":[{\"@type\":\"ReadAction\",\"target\":[\"https:\\\/\\\/aeg-solar.com\\\/de\\\/websitepolitik\\\/\"]}]},{\"@type\":\"BreadcrumbList\",\"@id\":\"https:\\\/\\\/aeg-solar.com\\\/de\\\/websitepolitik\\\/#breadcrumb\",\"itemListElement\":[{\"@type\":\"ListItem\",\"position\":1,\"name\":\"Home\",\"item\":\"https:\\\/\\\/aeg-solar.com\\\/de\\\/?page_id=18474\"},{\"@type\":\"ListItem\",\"position\":2,\"name\":\"Websitepolitik\"}]},{\"@type\":\"WebSite\",\"@id\":\"https:\\\/\\\/aeg-solar.com\\\/de\\\/#website\",\"url\":\"https:\\\/\\\/aeg-solar.com\\\/de\\\/\",\"name\":\"Solarmodule, Wechselrichter und Speicher - AEG Solar\",\"description\":\"AEG products make solar an essential part of your journey towards a greener and more sustainable future. They are designed to grant you full control over your photovoltaic system and to give you peace of mind.\",\"publisher\":{\"@id\":\"https:\\\/\\\/aeg-solar.com\\\/de\\\/#organization\"},\"potentialAction\":[{\"@type\":\"SearchAction\",\"target\":{\"@type\":\"EntryPoint\",\"urlTemplate\":\"https:\\\/\\\/aeg-solar.com\\\/de\\\/?s={search_term_string}\"},\"query-input\":{\"@type\":\"PropertyValueSpecification\",\"valueRequired\":true,\"valueName\":\"search_term_string\"}}],\"inLanguage\":\"de\"},{\"@type\":\"Organization\",\"@id\":\"https:\\\/\\\/aeg-solar.com\\\/de\\\/#organization\",\"name\":\"Solar Solutions GmbH\",\"url\":\"https:\\\/\\\/aeg-solar.com\\\/de\\\/\",\"logo\":{\"@type\":\"ImageObject\",\"inLanguage\":\"de\",\"@id\":\"https:\\\/\\\/aeg-solar.com\\\/de\\\/#\\\/schema\\\/logo\\\/image\\\/\",\"url\":\"https:\\\/\\\/aeg-solar.com\\\/wp-content\\\/uploads\\\/2020\\\/03\\\/AEG_Logo_Red_RGB.svg\",\"contentUrl\":\"https:\\\/\\\/aeg-solar.com\\\/wp-content\\\/uploads\\\/2020\\\/03\\\/AEG_Logo_Red_RGB.svg\",\"width\":\"1024\",\"height\":\"1024\",\"caption\":\"Solar Solutions GmbH\"},\"image\":{\"@id\":\"https:\\\/\\\/aeg-solar.com\\\/de\\\/#\\\/schema\\\/logo\\\/image\\\/\"}}]}<\/script>\n<!-- \/ Yoast SEO plugin. -->","yoast_head_json":{"title":"Solarmodule, Wechselrichter und Speicher - AEG Solar - Websitepolitik","description":"AEG products make solar an essential part of your journey towards a greener and more sustainable future. They are designed to grant you full control over your photovoltaic system and to give you peace of mind. - Websitepolitik","robots":{"index":"index","follow":"follow","max-snippet":"max-snippet:-1","max-image-preview":"max-image-preview:large","max-video-preview":"max-video-preview:-1"},"canonical":"https:\/\/aeg-solar.com\/de\/websitepolitik\/","og_locale":"de_DE","og_type":"article","og_title":"Solarmodule, Wechselrichter und Speicher - AEG Solar - Websitepolitik","og_description":"AEG products make solar an essential part of your journey towards a greener and more sustainable future. They are designed to grant you full control over your photovoltaic system and to give you peace of mind. - Websitepolitik","og_url":"https:\/\/aeg-solar.com\/de\/websitepolitik\/","og_site_name":"Solarmodule, Wechselrichter und Speicher - AEG Solar","article_modified_time":"2021-11-26T09:44:02+00:00","twitter_card":"summary_large_image","twitter_misc":{"Gesch\u00e4tzte Lesezeit":"3\u00a0Minuten"},"schema":{"@context":"https:\/\/schema.org","@graph":[{"@type":"WebPage","@id":"https:\/\/aeg-solar.com\/de\/websitepolitik\/","url":"https:\/\/aeg-solar.com\/de\/websitepolitik\/","name":"Solarmodule, Wechselrichter und Speicher - AEG Solar - Websitepolitik","isPartOf":{"@id":"https:\/\/aeg-solar.com\/de\/#website"},"datePublished":"2021-11-26T09:43:58+00:00","dateModified":"2021-11-26T09:44:02+00:00","description":"AEG products make solar an essential part of your journey towards a greener and more sustainable future. They are designed to grant you full control over your photovoltaic system and to give you peace of mind. - Websitepolitik","breadcrumb":{"@id":"https:\/\/aeg-solar.com\/de\/websitepolitik\/#breadcrumb"},"inLanguage":"de","potentialAction":[{"@type":"ReadAction","target":["https:\/\/aeg-solar.com\/de\/websitepolitik\/"]}]},{"@type":"BreadcrumbList","@id":"https:\/\/aeg-solar.com\/de\/websitepolitik\/#breadcrumb","itemListElement":[{"@type":"ListItem","position":1,"name":"Home","item":"https:\/\/aeg-solar.com\/de\/?page_id=18474"},{"@type":"ListItem","position":2,"name":"Websitepolitik"}]},{"@type":"WebSite","@id":"https:\/\/aeg-solar.com\/de\/#website","url":"https:\/\/aeg-solar.com\/de\/","name":"Solarmodule, Wechselrichter und Speicher - AEG Solar","description":"AEG products make solar an essential part of your journey towards a greener and more sustainable future. They are designed to grant you full control over your photovoltaic system and to give you peace of mind.","publisher":{"@id":"https:\/\/aeg-solar.com\/de\/#organization"},"potentialAction":[{"@type":"SearchAction","target":{"@type":"EntryPoint","urlTemplate":"https:\/\/aeg-solar.com\/de\/?s={search_term_string}"},"query-input":{"@type":"PropertyValueSpecification","valueRequired":true,"valueName":"search_term_string"}}],"inLanguage":"de"},{"@type":"Organization","@id":"https:\/\/aeg-solar.com\/de\/#organization","name":"Solar Solutions GmbH","url":"https:\/\/aeg-solar.com\/de\/","logo":{"@type":"ImageObject","inLanguage":"de","@id":"https:\/\/aeg-solar.com\/de\/#\/schema\/logo\/image\/","url":"https:\/\/aeg-solar.com\/wp-content\/uploads\/2020\/03\/AEG_Logo_Red_RGB.svg","contentUrl":"https:\/\/aeg-solar.com\/wp-content\/uploads\/2020\/03\/AEG_Logo_Red_RGB.svg","width":"1024","height":"1024","caption":"Solar Solutions GmbH"},"image":{"@id":"https:\/\/aeg-solar.com\/de\/#\/schema\/logo\/image\/"}}]}},"_links":{"self":[{"href":"https:\/\/aeg-solar.com\/de\/wp-json\/wp\/v2\/pages\/11741","targetHints":{"allow":["GET"]}}],"collection":[{"href":"https:\/\/aeg-solar.com\/de\/wp-json\/wp\/v2\/pages"}],"about":[{"href":"https:\/\/aeg-solar.com\/de\/wp-json\/wp\/v2\/types\/page"}],"author":[{"embeddable":true,"href":"https:\/\/aeg-solar.com\/de\/wp-json\/wp\/v2\/users\/1"}],"replies":[{"embeddable":true,"href":"https:\/\/aeg-solar.com\/de\/wp-json\/wp\/v2\/comments?post=11741"}],"version-history":[{"count":3,"href":"https:\/\/aeg-solar.com\/de\/wp-json\/wp\/v2\/pages\/11741\/revisions"}],"predecessor-version":[{"id":11744,"href":"https:\/\/aeg-solar.com\/de\/wp-json\/wp\/v2\/pages\/11741\/revisions\/11744"}],"wp:attachment":[{"href":"https:\/\/aeg-solar.com\/de\/wp-json\/wp\/v2\/media?parent=11741"}],"curies":[{"name":"wp","href":"https:\/\/api.w.org\/{rel}","templated":true}]}}